{"id":1820,"date":"2023-03-02T21:14:50","date_gmt":"2023-03-02T21:14:50","guid":{"rendered":"https:\/\/agencia25.runescript.pt\/?page_id=1820"},"modified":"2025-03-27T09:41:14","modified_gmt":"2025-03-27T09:41:14","slug":"about","status":"publish","type":"page","link":"https:\/\/agencia25.pt\/en\/about\/","title":{"rendered":"about"},"content":{"rendered":"<div>\n<p>Founded in 2015 by V\u00edtor Alves Brotas, ag\u00eancia 25 is a production clan dedicated to the development of artistic and intellectual objects in a wide variety of expressions, with a special focus on contemporary dance.<\/p>\n<p>It is a meeting point where people, ideas and artistic languages coexist. It operates on a collaborative model, promoting an ecosystem of sharing that strengthens the conditions for research, experimentation and the materialisation of projects that cross geographical and disciplinary boundaries.<\/p>\n<p>With an attentive eye on the present and future of contemporary creation, ag\u00eancia 25 is a space for confluence, thought and artistic action, promoting dialogues and formats that expand the possibilities of artistic making, valuing the diversity of approaches.<\/p>\n<p>The clan is currently made up of: Elizabete Francisca, Grilo, In\u00eas Campos, Papillons d&#8217;\u00e9ternit\u00e9, Sara Anjo, T\u00e2nia Carvalho, Teresa Coutinho, Teresa Silva and V\u00edtor Alves Brotas.<\/p>\n<p>In the past: Cl\u00e1udia Teixeira, David Marques, Emilie Jacomet, Filipa Francisco, Filipa Matta, In\u00eas Lampreia, Janine Lages, Maria Jo\u00e3o Bilro, Pedro Gil, Raquel Castro, Sara Huberty Ramos, Sofia Dias &amp; V\u00edtor Roriz, Tiago Lima, among others.<\/p>\n<\/div>\n<p><!--more--><br \/>\n<!-- {\"type\":\"layout\",\"children\":[{\"type\":\"section\",\"props\":{\"height\":\"expand\",\"image_position\":\"center-center\",\"padding_remove_top\":false,\"style\":\"default\",\"title_breakpoint\":\"xl\",\"title_position\":\"top-left\",\"title_rotation\":\"left\",\"vertical_align\":\"middle\",\"width\":\"default\"},\"children\":[{\"type\":\"row\",\"children\":[{\"type\":\"column\",\"props\":{\"image_position\":\"center-center\",\"position_sticky_breakpoint\":\"m\"},\"children\":[{\"type\":\"headline\",\"props\":{\"title_element\":\"h1\",\"title_style\":\"h1\"},\"source\":{\"query\":{\"name\":\"pages.singlePage\"},\"props\":{\"content\":{\"filters\":{\"search\":\"\"},\"name\":\"title\"}}}},{\"type\":\"text\",\"props\":{\"column_breakpoint\":\"m\",\"content\":\"\n\n<p>Founded in 2015 by V\\u00edtor Alves Brotas, ag\\u00eancia 25 is a production clan dedicated to the development of artistic and intellectual objects in a wide variety of expressions, with a special focus on contemporary dance.<\\\/p>\\n\n\n<p>It is a meeting point where people, ideas and artistic languages coexist. It operates on a collaborative model, promoting an ecosystem of sharing that strengthens the conditions for research, experimentation and the materialisation of projects that cross geographical and disciplinary boundaries.<\\\/p>\\n\n\n<p>With an attentive eye on the present and future of contemporary creation, ag\\u00eancia 25 is a space for confluence, thought and artistic action, promoting dialogues and formats that expand the possibilities of artistic making, valuing the diversity of approaches.<\\\/p>\\n\n\n<p>The clan is currently made up of: Elizabete Francisca, Grilo, In\\u00eas Campos, Papillons d'\\u00e9ternit\\u00e9, Sara Anjo, T\\u00e2nia Carvalho, Teresa Coutinho, Teresa Silva and V\\u00edtor Alves Brotas.<\\\/p>\\n\n\n<p>In the past: Cl\\u00e1udia Teixeira, David Marques, Emilie Jacomet, Filipa Francisco, Filipa Matta, In\\u00eas Lampreia, Janine Lages, Maria Jo\\u00e3o Bilro, Pedro Gil, Raquel Castro, Sara Huberty Ramos, Sofia Dias &amp; V\\u00edtor Roriz, Tiago Lima, among others.<\\\/p>\",\"margin\":\"default\"}}]}]}]},{\"type\":\"section\",\"props\":{\"image_position\":\"center-center\",\"padding_remove_top\":true,\"status\":\"disabled\",\"style\":\"default\",\"title_breakpoint\":\"xl\",\"title_position\":\"top-left\",\"title_rotation\":\"left\",\"vertical_align\":\"middle\",\"width\":\"default\"},\"children\":[{\"type\":\"row\",\"props\":{\"layout\":\"1-3,1-3,1-3\"},\"children\":[{\"type\":\"column\",\"props\":{\"image_position\":\"center-center\",\"position_sticky_breakpoint\":\"m\",\"width_medium\":\"1-3\"},\"children\":[{\"type\":\"headline\",\"props\":{\"content\":\"Somos a Ag\\u00eancia 25. Um coletivo de produ\\u00e7\\u00e3o e cria\\u00e7\\u00e3o art\\u00edstica.\",\"title_element\":\"div\",\"title_style\":\"h3\"}}]},{\"type\":\"column\",\"props\":{\"image_position\":\"center-center\",\"position_sticky_breakpoint\":\"m\",\"width_medium\":\"1-3\"},\"children\":[{\"type\":\"headline\",\"props\":{\"content\":\"a nossa hist\\u00f3ria\",\"margin\":\"small\",\"margin_remove_bottom\":false,\"title_element\":\"div\",\"title_style\":\"h4\"}},{\"type\":\"text\",\"props\":{\"column_breakpoint\":\"m\",\"content\":\"\n\n<p>Foi fundada em 2015 por V\\u00edtor Alves Brotas e tem, desde ent\\u00e3o, produzido objetos de natureza art\\u00edstica e intelectual nas mais variadas express\\u00f5es, com um especial enfoque no universo da dan\\u00e7a contempor\\u00e2nea. Desenvolve projetos de diferentes dimens\\u00f5es, nacional e internacionalmente, gerando condi\\u00e7\\u00f5es para a cria\\u00e7\\u00e3o contempor\\u00e2nea.<\\\/p>\",\"margin\":\"default\",\"margin_remove_top\":true,\"text_color\":\"emphasis\"}},{\"type\":\"text\",\"props\":{\"column_breakpoint\":\"m\",\"content\":\"\n\n<p>\\u201cCome\\u00e7\\u00e1mos em 2015 com Ant\\u00f3nio Pinto Ribeiro, no Programa Gulbenkian Pr\\u00f3ximo Futuro. Ajud\\u00e1mos depois a construir o Atalaia Artes Performativas, partilh\\u00e1mos momentos com o festival Alkantara, acompanh\\u00e1mos as aventuras europeias dos Silencio Blanco\\u2026 Entretanto conhecemos a Raquel Castro, artista primeira \\u201cda\\u201d Ag\\u00eancia 25. Seguiu-se o Pedro Gil e a Filipa Francisco. Chegaram-nos outros projetos, como Passado e Presente - Lisboa Capital Ibero-Americana de Cultura, Hospitalidade - Cultura de Futuro ou Teatro do Silencio\\\/Maria Gil e Miguel Bonneville. Produzimos festivais, espet\\u00e1culos, concertos e exposi\\u00e7\\u00f5es. And\\u00e1mos em resid\\u00eancias de norte a sul, c\\u00e1 dentro e l\\u00e1 fora.<\\\/p>\",\"margin\":\"default\",\"text_color\":\"emphasis\"}}]},{\"type\":\"column\",\"props\":{\"image_position\":\"center-center\",\"position_sticky_breakpoint\":\"m\",\"width_medium\":\"1-3\"},\"children\":[{\"type\":\"headline\",\"props\":{\"content\":\"hoje somos\",\"margin\":\"small\",\"margin_remove_bottom\":false,\"title_element\":\"div\",\"title_style\":\"h4\"}},{\"type\":\"text\",\"props\":{\"column_breakpoint\":\"m\",\"content\":\"\n\n<p>David Marques, Emile Jacomet, Filipa Matta, Marta Ramos, Sara Anjo, Sofia Dias &amp; V\\u00edtor Roriz, T\\u00e2nia Carvalho, Teresa Coutinho, Teresa Silva e Tiago Lima. Somos tamb\\u00e9m Cl\\u00e1udia Teixeira e In\\u00eas Lampreia. E vamos trocando ideias com Ant\\u00f3nio Pinto Ribeiro, Beatriz Garrucho, Manuel Po\\u00e7as, Maria Jo\\u00e3o Garcia, M\\u00f3nica Braz Teixeira, M\\u00f3nica Talina, Susana Domingos Gaspar, Tiago Cadete\\u2026\\u201d<\\\/p>\",\"margin\":\"default\",\"margin_remove_top\":true,\"text_color\":\"emphasis\"}}]}]}]},{\"type\":\"section\",\"props\":{\"image_position\":\"center-center\",\"padding_remove_top\":true,\"status\":\"disabled\",\"style\":\"default\",\"title_breakpoint\":\"xl\",\"title_position\":\"top-left\",\"title_rotation\":\"left\",\"vertical_align\":\"middle\",\"width\":\"default\"},\"children\":[{\"type\":\"row\",\"children\":[{\"type\":\"column\",\"props\":{\"image_position\":\"center-center\",\"position_sticky_breakpoint\":\"m\"},\"children\":[{\"type\":\"video\",\"props\":{\"css\":\"\\\/*.el-element {\\n    border: 5px solid #000;\\n}*\\\/\",\"margin\":\"default\",\"video\":\"https:\\\/\\\/www.youtube.com\\\/watch?v=gfXx1QoZfY0\",\"video_controls\":true,\"video_height\":\"700\",\"video_width\":\"100%\"}}]}]}]},{\"type\":\"section\",\"props\":{\"image_position\":\"center-center\",\"padding_remove_top\":true,\"status\":\"disabled\",\"style\":\"default\",\"title_breakpoint\":\"xl\",\"title_position\":\"top-left\",\"title_rotation\":\"left\",\"vertical_align\":\"middle\",\"width\":\"default\"},\"children\":[{\"type\":\"row\",\"children\":[{\"type\":\"column\",\"props\":{\"image_position\":\"center-center\",\"position_sticky_breakpoint\":\"m\"},\"children\":[{\"type\":\"panel-slider\",\"props\":{\"class\":\"a25-slider\",\"content_column_breakpoint\":\"m\",\"icon_width\":80,\"image_align\":\"top\",\"image_grid_breakpoint\":\"m\",\"image_grid_width\":\"1-2\",\"image_height\":\"600px\",\"image_svg_color\":\"emphasis\",\"link_style\":\"default\",\"link_text\":\"Read more\",\"margin\":\"default\",\"meta_align\":\"below-title\",\"meta_element\":\"div\",\"meta_style\":\"text-meta\",\"nav\":\"dotnav\",\"nav_align\":\"center\",\"nav_breakpoint\":\"\",\"panel_card_match\":true,\"show_content\":false,\"show_image\":true,\"show_link\":false,\"show_meta\":false,\"show_title\":false,\"slidenav\":\"default\",\"slidenav_breakpoint\":\"\",\"slidenav_margin\":\"small\",\"slidenav_outside_breakpoint\":\"xl\",\"slider_autoplay\":true,\"slider_autoplay_interval\":\"5\",\"slider_autoplay_pause\":false,\"slider_finite\":true,\"slider_gap\":\"default\",\"slider_width\":\"fixed\",\"slider_width_default\":\"1-1\",\"slider_width_medium\":\"\",\"text_align\":\"center\",\"title_align\":\"top\",\"title_element\":\"h3\",\"title_grid_breakpoint\":\"m\",\"title_grid_width\":\"1-2\",\"title_hover_style\":\"reset\"},\"children\":[{\"type\":\"panel-slider_item\",\"props\":{\"image\":\"wp-content\\\/uploads\\\/2023\\\/03\\\/picasso-starry-night.jpg\",\"title\":\"picasso-starry-night\"}},{\"type\":\"panel-slider_item\",\"props\":{\"image\":\"wp-content\\\/uploads\\\/2023\\\/03\\\/picasso-les-femmes-d-alger.jpg\",\"title\":\"picasso-les-femmes-d-alger\"}},{\"type\":\"panel-slider_item\",\"props\":{\"image\":\"wp-content\\\/uploads\\\/2023\\\/03\\\/picasso-blue-nude.jpg\",\"title\":\"picasso-blue-nude\"}}]}]}]}]},{\"type\":\"section\",\"props\":{\"image_position\":\"center-center\",\"padding\":\"none\",\"padding_remove_top\":false,\"style\":\"default\",\"title_breakpoint\":\"xl\",\"title_position\":\"top-left\",\"title_rotation\":\"left\",\"vertical_align\":\"middle\",\"width\":\"default\"},\"children\":[{\"type\":\"row\",\"children\":[{\"type\":\"column\",\"props\":{\"image_position\":\"center-center\",\"position_sticky_breakpoint\":\"m\"},\"children\":[{\"type\":\"module\",\"props\":{\"menu_image_align\":\"center\",\"menu_image_margin\":true,\"menu_style\":\"default\",\"menu_type\":\"nav\",\"type\":\"a25-project-partners\",\"widget\":\"a25-project-partners-2\"}}]}]}]}],\"version\":\"4.2.12\"} --><\/p>\n","protected":false},"excerpt":{"rendered":"<p>Founded in 2015 by V\u00edtor Alves Brotas, ag\u00eancia 25 is a production clan dedicated to the development of artistic and intellectual objects in a wide variety of expressions, with a special focus on contemporary dance. It is a meeting point where people, ideas and artistic languages coexist. It operates on a collaborative model, promoting an [&hellip;]<\/p>\n","protected":false},"author":1,"featured_media":0,"parent":0,"menu_order":0,"comment_status":"closed","ping_status":"closed","template":"","meta":{"footnotes":""},"class_list":["post-1820","page","type-page","status-publish","hentry"],"acf":[],"yoast_head":"<!-- This site is optimized with the Yoast SEO plugin v27.3 - https:\/\/yoast.com\/product\/yoast-seo-wordpress\/ -->\n<title>about - ag\u00eancia 25<\/title>\n<meta name=\"description\" content=\"Founded in 2015 by V\u00edtor Alves Brotas, ag\u00eancia 25 is a production clan dedicated to the development of artistic and intellectual objects in a wide variety of expressions, with a special focus on contemporary dance.\" \/>\n<meta name=\"robots\" content=\"index, follow, max-snippet:-1, max-image-preview:large, max-video-preview:-1\" \/>\n<link rel=\"canonical\" href=\"https:\/\/agencia25.pt\/en\/about\/\" \/>\n<meta property=\"og:locale\" content=\"en_US\" \/>\n<meta property=\"og:type\" content=\"article\" \/>\n<meta property=\"og:title\" content=\"about - ag\u00eancia 25\" \/>\n<meta property=\"og:description\" content=\"Founded in 2015 by V\u00edtor Alves Brotas, ag\u00eancia 25 is a production clan dedicated to the development of artistic and intellectual objects in a wide variety of expressions, with a special focus on contemporary dance.\" \/>\n<meta property=\"og:url\" content=\"https:\/\/agencia25.pt\/en\/about\/\" \/>\n<meta property=\"og:site_name\" content=\"ag\u00eancia 25\" \/>\n<meta property=\"article:modified_time\" content=\"2025-03-27T09:41:14+00:00\" \/>\n<meta property=\"og:image\" content=\"https:\/\/agencia25.pt\/wp-content\/uploads\/2024\/05\/share-img.png\" \/>\n\t<meta property=\"og:image:width\" content=\"1200\" \/>\n\t<meta property=\"og:image:height\" content=\"674\" \/>\n\t<meta property=\"og:image:type\" content=\"image\/png\" \/>\n<meta name=\"twitter:card\" content=\"summary_large_image\" \/>\n<meta name=\"twitter:label1\" content=\"Est. reading time\" \/>\n\t<meta name=\"twitter:data1\" content=\"1 minute\" \/>\n<script type=\"application\/ld+json\" class=\"yoast-schema-graph\">{\"@context\":\"https:\\\/\\\/schema.org\",\"@graph\":[{\"@type\":\"WebPage\",\"@id\":\"https:\\\/\\\/agencia25.pt\\\/en\\\/about\\\/\",\"url\":\"https:\\\/\\\/agencia25.pt\\\/en\\\/about\\\/\",\"name\":\"about - ag\u00eancia 25\",\"isPartOf\":{\"@id\":\"https:\\\/\\\/agencia25.pt\\\/en\\\/#website\"},\"datePublished\":\"2023-03-02T21:14:50+00:00\",\"dateModified\":\"2025-03-27T09:41:14+00:00\",\"description\":\"Founded in 2015 by V\u00edtor Alves Brotas, ag\u00eancia 25 is a production clan dedicated to the development of artistic and intellectual objects in a wide variety of expressions, with a special focus on contemporary dance.\",\"breadcrumb\":{\"@id\":\"https:\\\/\\\/agencia25.pt\\\/en\\\/about\\\/#breadcrumb\"},\"inLanguage\":\"en-US\",\"potentialAction\":[{\"@type\":\"ReadAction\",\"target\":[\"https:\\\/\\\/agencia25.pt\\\/en\\\/about\\\/\"]}]},{\"@type\":\"BreadcrumbList\",\"@id\":\"https:\\\/\\\/agencia25.pt\\\/en\\\/about\\\/#breadcrumb\",\"itemListElement\":[{\"@type\":\"ListItem\",\"position\":1,\"name\":\"Home\",\"item\":\"https:\\\/\\\/agencia25.pt\\\/en\\\/\"},{\"@type\":\"ListItem\",\"position\":2,\"name\":\"about\"}]},{\"@type\":\"WebSite\",\"@id\":\"https:\\\/\\\/agencia25.pt\\\/en\\\/#website\",\"url\":\"https:\\\/\\\/agencia25.pt\\\/en\\\/\",\"name\":\"ag\u00eancia 25\",\"description\":\"\",\"potentialAction\":[{\"@type\":\"SearchAction\",\"target\":{\"@type\":\"EntryPoint\",\"urlTemplate\":\"https:\\\/\\\/agencia25.pt\\\/en\\\/?s={search_term_string}\"},\"query-input\":{\"@type\":\"PropertyValueSpecification\",\"valueRequired\":true,\"valueName\":\"search_term_string\"}}],\"inLanguage\":\"en-US\"}]}<\/script>\n<!-- \/ Yoast SEO plugin. -->","yoast_head_json":{"title":"about - ag\u00eancia 25","description":"Founded in 2015 by V\u00edtor Alves Brotas, ag\u00eancia 25 is a production clan dedicated to the development of artistic and intellectual objects in a wide variety of expressions, with a special focus on contemporary dance.","robots":{"index":"index","follow":"follow","max-snippet":"max-snippet:-1","max-image-preview":"max-image-preview:large","max-video-preview":"max-video-preview:-1"},"canonical":"https:\/\/agencia25.pt\/en\/about\/","og_locale":"en_US","og_type":"article","og_title":"about - ag\u00eancia 25","og_description":"Founded in 2015 by V\u00edtor Alves Brotas, ag\u00eancia 25 is a production clan dedicated to the development of artistic and intellectual objects in a wide variety of expressions, with a special focus on contemporary dance.","og_url":"https:\/\/agencia25.pt\/en\/about\/","og_site_name":"ag\u00eancia 25","article_modified_time":"2025-03-27T09:41:14+00:00","og_image":[{"width":1200,"height":674,"url":"https:\/\/agencia25.pt\/wp-content\/uploads\/2024\/05\/share-img.png","type":"image\/png"}],"twitter_card":"summary_large_image","twitter_misc":{"Est. reading time":"1 minute"},"schema":{"@context":"https:\/\/schema.org","@graph":[{"@type":"WebPage","@id":"https:\/\/agencia25.pt\/en\/about\/","url":"https:\/\/agencia25.pt\/en\/about\/","name":"about - ag\u00eancia 25","isPartOf":{"@id":"https:\/\/agencia25.pt\/en\/#website"},"datePublished":"2023-03-02T21:14:50+00:00","dateModified":"2025-03-27T09:41:14+00:00","description":"Founded in 2015 by V\u00edtor Alves Brotas, ag\u00eancia 25 is a production clan dedicated to the development of artistic and intellectual objects in a wide variety of expressions, with a special focus on contemporary dance.","breadcrumb":{"@id":"https:\/\/agencia25.pt\/en\/about\/#breadcrumb"},"inLanguage":"en-US","potentialAction":[{"@type":"ReadAction","target":["https:\/\/agencia25.pt\/en\/about\/"]}]},{"@type":"BreadcrumbList","@id":"https:\/\/agencia25.pt\/en\/about\/#breadcrumb","itemListElement":[{"@type":"ListItem","position":1,"name":"Home","item":"https:\/\/agencia25.pt\/en\/"},{"@type":"ListItem","position":2,"name":"about"}]},{"@type":"WebSite","@id":"https:\/\/agencia25.pt\/en\/#website","url":"https:\/\/agencia25.pt\/en\/","name":"ag\u00eancia 25","description":"","potentialAction":[{"@type":"SearchAction","target":{"@type":"EntryPoint","urlTemplate":"https:\/\/agencia25.pt\/en\/?s={search_term_string}"},"query-input":{"@type":"PropertyValueSpecification","valueRequired":true,"valueName":"search_term_string"}}],"inLanguage":"en-US"}]}},"_links":{"self":[{"href":"https:\/\/agencia25.pt\/en\/wp-json\/wp\/v2\/pages\/1820","targetHints":{"allow":["GET"]}}],"collection":[{"href":"https:\/\/agencia25.pt\/en\/wp-json\/wp\/v2\/pages"}],"about":[{"href":"https:\/\/agencia25.pt\/en\/wp-json\/wp\/v2\/types\/page"}],"author":[{"embeddable":true,"href":"https:\/\/agencia25.pt\/en\/wp-json\/wp\/v2\/users\/1"}],"replies":[{"embeddable":true,"href":"https:\/\/agencia25.pt\/en\/wp-json\/wp\/v2\/comments?post=1820"}],"version-history":[{"count":3,"href":"https:\/\/agencia25.pt\/en\/wp-json\/wp\/v2\/pages\/1820\/revisions"}],"predecessor-version":[{"id":3546,"href":"https:\/\/agencia25.pt\/en\/wp-json\/wp\/v2\/pages\/1820\/revisions\/3546"}],"wp:attachment":[{"href":"https:\/\/agencia25.pt\/en\/wp-json\/wp\/v2\/media?parent=1820"}],"curies":[{"name":"wp","href":"https:\/\/api.w.org\/{rel}","templated":true}]}}