{"id":1826,"date":"2023-03-02T21:14:50","date_gmt":"2023-03-02T21:14:50","guid":{"rendered":"https:\/\/agencia25.runescript.pt\/sobre-nos\/"},"modified":"2025-03-27T09:41:10","modified_gmt":"2025-03-27T09:41:10","slug":"a-propos","status":"publish","type":"page","link":"https:\/\/agencia25.pt\/fr\/a-propos\/","title":{"rendered":"\u00e0 propos"},"content":{"rendered":"<div>\n<p>L&rsquo;ag\u00eancia 25 est un clan de production fond\u00e9 en 2015 par V\u00edtor Alves Brotas. Ce collectif se voue \u00e0 la production d\u2019objets artistiques et intellectuels dans les domaines les plus vari\u00e9s, avec un accent particulier sur l&rsquo;univers de la danse contemporaine.<\/p>\n<p>L\u2019ag\u00eancia 25 est un espace de rencontre o\u00f9 se croisent personnes, id\u00e9es et langages artistiques. Elle fonctionne selon un mod\u00e8le collaboratif, favorisant un \u00e9cosyst\u00e8me de partage qui renforce les conditions de la recherche, de l\u2019exp\u00e9rimentation et de la concr\u00e9tisation de projets traversant les fronti\u00e8res g\u00e9ographiques et disciplinaires.<\/p>\n<p>Attentive au pr\u00e9sent et au futur de la cr\u00e9ation contemporaine, l&rsquo;ag\u00eancia 25 est un espace de confluence, de r\u00e9flexion et d&rsquo;action artistique, favorisant les dialogues et les formats qui \u00e9largissent les possibilit\u00e9s de la cr\u00e9ation artistique, en valorisant la diversit\u00e9 des approches.<\/p>\n<p>Aujourd\u2019hui, le clan r\u00e9unit : Elizabete Francisca, Grilo, In\u00eas Campos, Papillons d&rsquo;\u00e9ternit\u00e9, Sara Anjo, T\u00e2nia Carvalho, Teresa Coutinho, Teresa Silva et V\u00edtor Alves Brotas.<\/p>\n<p>Ont d\u00e9j\u00e0 chemin\u00e9 avec nous : Cl\u00e1udia Teixeira, David Marques, Emilie Jacomet, Filipa Francisco, Filipa Matta, In\u00eas Lampreia, Janine Lages, Maria Jo\u00e3o Bilro, Pedro Gil, Raquel Castro, Sara Huberty Ramos, Sofia Dias &amp; V\u00edtor Roriz, Tiago Lima, entre autres.<\/p>\n<\/div>\n<p><!--more--><br \/>\n<!-- {\"type\":\"layout\",\"children\":[{\"type\":\"section\",\"props\":{\"height\":\"expand\",\"image_position\":\"center-center\",\"padding_remove_top\":false,\"style\":\"default\",\"title_breakpoint\":\"xl\",\"title_position\":\"top-left\",\"title_rotation\":\"left\",\"vertical_align\":\"middle\",\"width\":\"default\"},\"children\":[{\"type\":\"row\",\"children\":[{\"type\":\"column\",\"props\":{\"image_position\":\"center-center\",\"position_sticky_breakpoint\":\"m\"},\"children\":[{\"type\":\"headline\",\"props\":{\"title_element\":\"h1\",\"title_style\":\"h1\"},\"source\":{\"query\":{\"name\":\"pages.singlePage\"},\"props\":{\"content\":{\"filters\":{\"search\":\"\"},\"name\":\"title\"}}}},{\"type\":\"text\",\"props\":{\"column_breakpoint\":\"m\",\"content\":\"\n\n<p>L'ag\\u00eancia 25 est un clan de production fond\\u00e9 en 2015 par V\\u00edtor Alves Brotas. Ce collectif se voue \\u00e0 la production d\\u2019objets artistiques et intellectuels dans les domaines les plus vari\\u00e9s, avec un accent particulier sur l'univers de la danse contemporaine.<\\\/p>\\n\n\n<p>L\\u2019ag\\u00eancia 25 est un espace de rencontre o\\u00f9 se croisent personnes, id\\u00e9es et langages artistiques. Elle fonctionne selon un mod\\u00e8le collaboratif, favorisant un \\u00e9cosyst\\u00e8me de partage qui renforce les conditions de la recherche, de l\\u2019exp\\u00e9rimentation et de la concr\\u00e9tisation de projets traversant les fronti\\u00e8res g\\u00e9ographiques et disciplinaires.<\\\/p>\\n\n\n<p>Attentive au pr\\u00e9sent et au futur de la cr\\u00e9ation contemporaine, l'ag\\u00eancia 25 est un espace de confluence, de r\\u00e9flexion et d'action artistique, favorisant les dialogues et les formats qui \\u00e9largissent les possibilit\\u00e9s de la cr\\u00e9ation artistique, en valorisant la diversit\\u00e9 des approches.<\\\/p>\\n\n\n<p>Aujourd\\u2019hui, le clan r\\u00e9unit : Elizabete Francisca, Grilo, In\\u00eas Campos, Papillons d'\\u00e9ternit\\u00e9, Sara Anjo, T\\u00e2nia Carvalho, Teresa Coutinho, Teresa Silva et V\\u00edtor Alves Brotas.<\\\/p>\\n\n\n<p>Ont d\\u00e9j\\u00e0 chemin\\u00e9 avec nous : Cl\\u00e1udia Teixeira, David Marques, Emilie Jacomet, Filipa Francisco, Filipa Matta, In\\u00eas Lampreia, Janine Lages, Maria Jo\\u00e3o Bilro, Pedro Gil, Raquel Castro, Sara Huberty Ramos, Sofia Dias &amp; V\\u00edtor Roriz, Tiago Lima, entre autres.<\\\/p>\",\"margin\":\"default\"}}]}]}]},{\"type\":\"section\",\"props\":{\"image_position\":\"center-center\",\"padding_remove_top\":true,\"status\":\"disabled\",\"style\":\"default\",\"title_breakpoint\":\"xl\",\"title_position\":\"top-left\",\"title_rotation\":\"left\",\"vertical_align\":\"middle\",\"width\":\"default\"},\"children\":[{\"type\":\"row\",\"props\":{\"layout\":\"1-3,1-3,1-3\"},\"children\":[{\"type\":\"column\",\"props\":{\"image_position\":\"center-center\",\"position_sticky_breakpoint\":\"m\",\"width_medium\":\"1-3\"},\"children\":[{\"type\":\"headline\",\"props\":{\"content\":\"Somos a Ag\\u00eancia 25. Um coletivo de produ\\u00e7\\u00e3o e cria\\u00e7\\u00e3o art\\u00edstica.\",\"title_element\":\"div\",\"title_style\":\"h3\"}}]},{\"type\":\"column\",\"props\":{\"image_position\":\"center-center\",\"position_sticky_breakpoint\":\"m\",\"width_medium\":\"1-3\"},\"children\":[{\"type\":\"headline\",\"props\":{\"content\":\"a nossa hist\\u00f3ria\",\"margin\":\"small\",\"margin_remove_bottom\":false,\"title_element\":\"div\",\"title_style\":\"h4\"}},{\"type\":\"text\",\"props\":{\"column_breakpoint\":\"m\",\"content\":\"\n\n<p>Foi fundada em 2015 por V\\u00edtor Alves Brotas e tem, desde ent\\u00e3o, produzido objetos de natureza art\\u00edstica e intelectual nas mais variadas express\\u00f5es, com um especial enfoque no universo da dan\\u00e7a contempor\\u00e2nea. Desenvolve projetos de diferentes dimens\\u00f5es, nacional e internacionalmente, gerando condi\\u00e7\\u00f5es para a cria\\u00e7\\u00e3o contempor\\u00e2nea.<\\\/p>\",\"margin\":\"default\",\"margin_remove_top\":true,\"text_color\":\"emphasis\"}},{\"type\":\"text\",\"props\":{\"column_breakpoint\":\"m\",\"content\":\"\n\n<p>\\u201cCome\\u00e7\\u00e1mos em 2015 com Ant\\u00f3nio Pinto Ribeiro, no Programa Gulbenkian Pr\\u00f3ximo Futuro. Ajud\\u00e1mos depois a construir o Atalaia Artes Performativas, partilh\\u00e1mos momentos com o festival Alkantara, acompanh\\u00e1mos as aventuras europeias dos Silencio Blanco\\u2026 Entretanto conhecemos a Raquel Castro, artista primeira \\u201cda\\u201d Ag\\u00eancia 25. Seguiu-se o Pedro Gil e a Filipa Francisco. Chegaram-nos outros projetos, como Passado e Presente - Lisboa Capital Ibero-Americana de Cultura, Hospitalidade - Cultura de Futuro ou Teatro do Silencio\\\/Maria Gil e Miguel Bonneville. Produzimos festivais, espet\\u00e1culos, concertos e exposi\\u00e7\\u00f5es. And\\u00e1mos em resid\\u00eancias de norte a sul, c\\u00e1 dentro e l\\u00e1 fora.<\\\/p>\",\"margin\":\"default\",\"text_color\":\"emphasis\"}}]},{\"type\":\"column\",\"props\":{\"image_position\":\"center-center\",\"position_sticky_breakpoint\":\"m\",\"width_medium\":\"1-3\"},\"children\":[{\"type\":\"headline\",\"props\":{\"content\":\"hoje somos\",\"margin\":\"small\",\"margin_remove_bottom\":false,\"title_element\":\"div\",\"title_style\":\"h4\"}},{\"type\":\"text\",\"props\":{\"column_breakpoint\":\"m\",\"content\":\"\n\n<p>David Marques, Emile Jacomet, Filipa Matta, Marta Ramos, Sara Anjo, Sofia Dias &amp; V\\u00edtor Roriz, T\\u00e2nia Carvalho, Teresa Coutinho, Teresa Silva e Tiago Lima. Somos tamb\\u00e9m Cl\\u00e1udia Teixeira e In\\u00eas Lampreia. E vamos trocando ideias com Ant\\u00f3nio Pinto Ribeiro, Beatriz Garrucho, Manuel Po\\u00e7as, Maria Jo\\u00e3o Garcia, M\\u00f3nica Braz Teixeira, M\\u00f3nica Talina, Susana Domingos Gaspar, Tiago Cadete\\u2026\\u201d<\\\/p>\",\"margin\":\"default\",\"margin_remove_top\":true,\"text_color\":\"emphasis\"}}]}]}]},{\"type\":\"section\",\"props\":{\"image_position\":\"center-center\",\"padding_remove_top\":true,\"status\":\"disabled\",\"style\":\"default\",\"title_breakpoint\":\"xl\",\"title_position\":\"top-left\",\"title_rotation\":\"left\",\"vertical_align\":\"middle\",\"width\":\"default\"},\"children\":[{\"type\":\"row\",\"children\":[{\"type\":\"column\",\"props\":{\"image_position\":\"center-center\",\"position_sticky_breakpoint\":\"m\"},\"children\":[{\"type\":\"video\",\"props\":{\"css\":\"\\\/*.el-element {\\n    border: 5px solid #000;\\n}*\\\/\",\"margin\":\"default\",\"video\":\"https:\\\/\\\/www.youtube.com\\\/watch?v=gfXx1QoZfY0\",\"video_controls\":true,\"video_height\":\"700\",\"video_width\":\"100%\"}}]}]}]},{\"type\":\"section\",\"props\":{\"image_position\":\"center-center\",\"padding_remove_top\":true,\"status\":\"disabled\",\"style\":\"default\",\"title_breakpoint\":\"xl\",\"title_position\":\"top-left\",\"title_rotation\":\"left\",\"vertical_align\":\"middle\",\"width\":\"default\"},\"children\":[{\"type\":\"row\",\"children\":[{\"type\":\"column\",\"props\":{\"image_position\":\"center-center\",\"position_sticky_breakpoint\":\"m\"},\"children\":[{\"type\":\"panel-slider\",\"props\":{\"class\":\"a25-slider\",\"content_column_breakpoint\":\"m\",\"icon_width\":80,\"image_align\":\"top\",\"image_grid_breakpoint\":\"m\",\"image_grid_width\":\"1-2\",\"image_height\":\"600px\",\"image_svg_color\":\"emphasis\",\"link_style\":\"default\",\"link_text\":\"Read more\",\"margin\":\"default\",\"meta_align\":\"below-title\",\"meta_element\":\"div\",\"meta_style\":\"text-meta\",\"nav\":\"dotnav\",\"nav_align\":\"center\",\"nav_breakpoint\":\"\",\"panel_card_match\":true,\"show_content\":false,\"show_image\":true,\"show_link\":false,\"show_meta\":false,\"show_title\":false,\"slidenav\":\"default\",\"slidenav_breakpoint\":\"\",\"slidenav_margin\":\"small\",\"slidenav_outside_breakpoint\":\"xl\",\"slider_autoplay\":true,\"slider_autoplay_interval\":\"5\",\"slider_autoplay_pause\":false,\"slider_finite\":true,\"slider_gap\":\"default\",\"slider_width\":\"fixed\",\"slider_width_default\":\"1-1\",\"slider_width_medium\":\"\",\"text_align\":\"center\",\"title_align\":\"top\",\"title_element\":\"h3\",\"title_grid_breakpoint\":\"m\",\"title_grid_width\":\"1-2\",\"title_hover_style\":\"reset\"},\"children\":[{\"type\":\"panel-slider_item\",\"props\":{\"image\":\"wp-content\\\/uploads\\\/2023\\\/03\\\/picasso-starry-night.jpg\",\"title\":\"picasso-starry-night\"}},{\"type\":\"panel-slider_item\",\"props\":{\"image\":\"wp-content\\\/uploads\\\/2023\\\/03\\\/picasso-les-femmes-d-alger.jpg\",\"title\":\"picasso-les-femmes-d-alger\"}},{\"type\":\"panel-slider_item\",\"props\":{\"image\":\"wp-content\\\/uploads\\\/2023\\\/03\\\/picasso-blue-nude.jpg\",\"title\":\"picasso-blue-nude\"}}]}]}]}]},{\"type\":\"section\",\"props\":{\"image_position\":\"center-center\",\"padding\":\"none\",\"padding_remove_top\":false,\"style\":\"default\",\"title_breakpoint\":\"xl\",\"title_position\":\"top-left\",\"title_rotation\":\"left\",\"vertical_align\":\"middle\",\"width\":\"default\"},\"children\":[{\"type\":\"row\",\"children\":[{\"type\":\"column\",\"props\":{\"image_position\":\"center-center\",\"position_sticky_breakpoint\":\"m\"},\"children\":[{\"type\":\"module\",\"props\":{\"menu_image_align\":\"center\",\"menu_image_margin\":true,\"menu_style\":\"default\",\"menu_type\":\"nav\",\"type\":\"a25-project-partners\",\"widget\":\"a25-project-partners-2\"}}]}]}]}],\"version\":\"4.2.12\"} --><\/p>\n","protected":false},"excerpt":{"rendered":"<p>L&rsquo;ag\u00eancia 25 est un clan de production fond\u00e9 en 2015 par V\u00edtor Alves Brotas. Ce collectif se voue \u00e0 la production d\u2019objets artistiques et intellectuels dans les domaines les plus vari\u00e9s, avec un accent particulier sur l&rsquo;univers de la danse contemporaine. L\u2019ag\u00eancia 25 est un espace de rencontre o\u00f9 se croisent personnes, id\u00e9es et langages [&hellip;]<\/p>\n","protected":false},"author":1,"featured_media":0,"parent":0,"menu_order":0,"comment_status":"closed","ping_status":"closed","template":"","meta":{"footnotes":""},"class_list":["post-1826","page","type-page","status-publish","hentry"],"acf":[],"yoast_head":"<!-- This site is optimized with the Yoast SEO plugin v27.3 - https:\/\/yoast.com\/product\/yoast-seo-wordpress\/ -->\n<title>\u00e0 propos - ag\u00eancia 25<\/title>\n<meta name=\"description\" content=\"L\u2019ag\u00eancia 25 est un clan de production fond\u00e9 en 2015 par V\u00edtor Alves Brotas. Ce collectif se voue \u00e0 la production d\u2019objets artistiques et intellectuels dans les domaines les plus vari\u00e9s, avec un accent particulier sur l\u2019univers de la danse contemporaine.\" \/>\n<meta name=\"robots\" content=\"index, follow, max-snippet:-1, max-image-preview:large, max-video-preview:-1\" \/>\n<link rel=\"canonical\" href=\"https:\/\/agencia25.pt\/fr\/a-propos\/\" \/>\n<meta property=\"og:locale\" content=\"fr_FR\" \/>\n<meta property=\"og:type\" content=\"article\" \/>\n<meta property=\"og:title\" content=\"\u00e0 propos - ag\u00eancia 25\" \/>\n<meta property=\"og:description\" content=\"L\u2019ag\u00eancia 25 est un clan de production fond\u00e9 en 2015 par V\u00edtor Alves Brotas. Ce collectif se voue \u00e0 la production d\u2019objets artistiques et intellectuels dans les domaines les plus vari\u00e9s, avec un accent particulier sur l\u2019univers de la danse contemporaine.\" \/>\n<meta property=\"og:url\" content=\"https:\/\/agencia25.pt\/fr\/a-propos\/\" \/>\n<meta property=\"og:site_name\" content=\"ag\u00eancia 25\" \/>\n<meta property=\"article:modified_time\" content=\"2025-03-27T09:41:10+00:00\" \/>\n<meta property=\"og:image\" content=\"https:\/\/agencia25.pt\/wp-content\/uploads\/2024\/05\/share-img.png\" \/>\n\t<meta property=\"og:image:width\" content=\"1200\" \/>\n\t<meta property=\"og:image:height\" content=\"674\" \/>\n\t<meta property=\"og:image:type\" content=\"image\/png\" \/>\n<meta name=\"twitter:card\" content=\"summary_large_image\" \/>\n<meta name=\"twitter:label1\" content=\"Dur\u00e9e de lecture estim\u00e9e\" \/>\n\t<meta name=\"twitter:data1\" content=\"2 minutes\" \/>\n<script type=\"application\/ld+json\" class=\"yoast-schema-graph\">{\"@context\":\"https:\\\/\\\/schema.org\",\"@graph\":[{\"@type\":\"WebPage\",\"@id\":\"https:\\\/\\\/agencia25.pt\\\/fr\\\/a-propos\\\/\",\"url\":\"https:\\\/\\\/agencia25.pt\\\/fr\\\/a-propos\\\/\",\"name\":\"\u00e0 propos - ag\u00eancia 25\",\"isPartOf\":{\"@id\":\"https:\\\/\\\/agencia25.pt\\\/fr\\\/#website\"},\"datePublished\":\"2023-03-02T21:14:50+00:00\",\"dateModified\":\"2025-03-27T09:41:10+00:00\",\"description\":\"L\u2019ag\u00eancia 25 est un clan de production fond\u00e9 en 2015 par V\u00edtor Alves Brotas. Ce collectif se voue \u00e0 la production d\u2019objets artistiques et intellectuels dans les domaines les plus vari\u00e9s, avec un accent particulier sur l\u2019univers de la danse contemporaine.\",\"breadcrumb\":{\"@id\":\"https:\\\/\\\/agencia25.pt\\\/fr\\\/a-propos\\\/#breadcrumb\"},\"inLanguage\":\"fr-FR\",\"potentialAction\":[{\"@type\":\"ReadAction\",\"target\":[\"https:\\\/\\\/agencia25.pt\\\/fr\\\/a-propos\\\/\"]}]},{\"@type\":\"BreadcrumbList\",\"@id\":\"https:\\\/\\\/agencia25.pt\\\/fr\\\/a-propos\\\/#breadcrumb\",\"itemListElement\":[{\"@type\":\"ListItem\",\"position\":1,\"name\":\"Home\",\"item\":\"https:\\\/\\\/agencia25.pt\\\/fr\\\/\"},{\"@type\":\"ListItem\",\"position\":2,\"name\":\"\u00e0 propos\"}]},{\"@type\":\"WebSite\",\"@id\":\"https:\\\/\\\/agencia25.pt\\\/fr\\\/#website\",\"url\":\"https:\\\/\\\/agencia25.pt\\\/fr\\\/\",\"name\":\"ag\u00eancia 25\",\"description\":\"\",\"potentialAction\":[{\"@type\":\"SearchAction\",\"target\":{\"@type\":\"EntryPoint\",\"urlTemplate\":\"https:\\\/\\\/agencia25.pt\\\/fr\\\/?s={search_term_string}\"},\"query-input\":{\"@type\":\"PropertyValueSpecification\",\"valueRequired\":true,\"valueName\":\"search_term_string\"}}],\"inLanguage\":\"fr-FR\"}]}<\/script>\n<!-- \/ Yoast SEO plugin. -->","yoast_head_json":{"title":"\u00e0 propos - ag\u00eancia 25","description":"L\u2019ag\u00eancia 25 est un clan de production fond\u00e9 en 2015 par V\u00edtor Alves Brotas. Ce collectif se voue \u00e0 la production d\u2019objets artistiques et intellectuels dans les domaines les plus vari\u00e9s, avec un accent particulier sur l\u2019univers de la danse contemporaine.","robots":{"index":"index","follow":"follow","max-snippet":"max-snippet:-1","max-image-preview":"max-image-preview:large","max-video-preview":"max-video-preview:-1"},"canonical":"https:\/\/agencia25.pt\/fr\/a-propos\/","og_locale":"fr_FR","og_type":"article","og_title":"\u00e0 propos - ag\u00eancia 25","og_description":"L\u2019ag\u00eancia 25 est un clan de production fond\u00e9 en 2015 par V\u00edtor Alves Brotas. Ce collectif se voue \u00e0 la production d\u2019objets artistiques et intellectuels dans les domaines les plus vari\u00e9s, avec un accent particulier sur l\u2019univers de la danse contemporaine.","og_url":"https:\/\/agencia25.pt\/fr\/a-propos\/","og_site_name":"ag\u00eancia 25","article_modified_time":"2025-03-27T09:41:10+00:00","og_image":[{"width":1200,"height":674,"url":"https:\/\/agencia25.pt\/wp-content\/uploads\/2024\/05\/share-img.png","type":"image\/png"}],"twitter_card":"summary_large_image","twitter_misc":{"Dur\u00e9e de lecture estim\u00e9e":"2 minutes"},"schema":{"@context":"https:\/\/schema.org","@graph":[{"@type":"WebPage","@id":"https:\/\/agencia25.pt\/fr\/a-propos\/","url":"https:\/\/agencia25.pt\/fr\/a-propos\/","name":"\u00e0 propos - ag\u00eancia 25","isPartOf":{"@id":"https:\/\/agencia25.pt\/fr\/#website"},"datePublished":"2023-03-02T21:14:50+00:00","dateModified":"2025-03-27T09:41:10+00:00","description":"L\u2019ag\u00eancia 25 est un clan de production fond\u00e9 en 2015 par V\u00edtor Alves Brotas. Ce collectif se voue \u00e0 la production d\u2019objets artistiques et intellectuels dans les domaines les plus vari\u00e9s, avec un accent particulier sur l\u2019univers de la danse contemporaine.","breadcrumb":{"@id":"https:\/\/agencia25.pt\/fr\/a-propos\/#breadcrumb"},"inLanguage":"fr-FR","potentialAction":[{"@type":"ReadAction","target":["https:\/\/agencia25.pt\/fr\/a-propos\/"]}]},{"@type":"BreadcrumbList","@id":"https:\/\/agencia25.pt\/fr\/a-propos\/#breadcrumb","itemListElement":[{"@type":"ListItem","position":1,"name":"Home","item":"https:\/\/agencia25.pt\/fr\/"},{"@type":"ListItem","position":2,"name":"\u00e0 propos"}]},{"@type":"WebSite","@id":"https:\/\/agencia25.pt\/fr\/#website","url":"https:\/\/agencia25.pt\/fr\/","name":"ag\u00eancia 25","description":"","potentialAction":[{"@type":"SearchAction","target":{"@type":"EntryPoint","urlTemplate":"https:\/\/agencia25.pt\/fr\/?s={search_term_string}"},"query-input":{"@type":"PropertyValueSpecification","valueRequired":true,"valueName":"search_term_string"}}],"inLanguage":"fr-FR"}]}},"_links":{"self":[{"href":"https:\/\/agencia25.pt\/fr\/wp-json\/wp\/v2\/pages\/1826","targetHints":{"allow":["GET"]}}],"collection":[{"href":"https:\/\/agencia25.pt\/fr\/wp-json\/wp\/v2\/pages"}],"about":[{"href":"https:\/\/agencia25.pt\/fr\/wp-json\/wp\/v2\/types\/page"}],"author":[{"embeddable":true,"href":"https:\/\/agencia25.pt\/fr\/wp-json\/wp\/v2\/users\/1"}],"replies":[{"embeddable":true,"href":"https:\/\/agencia25.pt\/fr\/wp-json\/wp\/v2\/comments?post=1826"}],"version-history":[{"count":3,"href":"https:\/\/agencia25.pt\/fr\/wp-json\/wp\/v2\/pages\/1826\/revisions"}],"predecessor-version":[{"id":3547,"href":"https:\/\/agencia25.pt\/fr\/wp-json\/wp\/v2\/pages\/1826\/revisions\/3547"}],"wp:attachment":[{"href":"https:\/\/agencia25.pt\/fr\/wp-json\/wp\/v2\/media?parent=1826"}],"curies":[{"name":"wp","href":"https:\/\/api.w.org\/{rel}","templated":true}]}}