{"id":1839,"date":"2023-03-01T20:43:35","date_gmt":"2023-03-01T20:43:35","guid":{"rendered":"https:\/\/agencia25.runescript.pt\/privacy-policy-and-personal-data-protection\/"},"modified":"2024-03-17T09:40:10","modified_gmt":"2024-03-17T09:40:10","slug":"politique-de-confidentialite-et-de-protection-des-donnees-personnelles","status":"publish","type":"page","link":"https:\/\/agencia25.pt\/fr\/politique-de-confidentialite-et-de-protection-des-donnees-personnelles\/","title":{"rendered":"politique de confidentialit\u00e9 et de protection des donn\u00e9es personnelles"},"content":{"rendered":"<div>\n<p>Ag\u00eancia 25, conform\u00e9ment avec le r\u00e8glement g\u00e9n\u00e9ral sur la protection des donn\u00e9es et toute la l\u00e9gislation en vigueur appliqu\u00e9 \u00e0 la protection des donn\u00e9es \u00e0 caract\u00e8re personnel, travaille pour assurer la s\u00e9curit\u00e9 et confidentialit\u00e9 de vos donn\u00e9es, lesquelles sont demand\u00e9es et trait\u00e9es en conformit\u00e9 et exclusivement pour les fins auxquelles elles sont destin\u00e9es.<\/p>\n<p>Ainsi, les informations qui nous sont fournies sont trait\u00e9es avec responsabilit\u00e9 et respect et ne sont pas partag\u00e9es avec d\u2019autres entit\u00e9s. Elles peuvent \u00eatre partag\u00e9es en respectant toutes les obligations l\u00e9gales applicables, ou d&rsquo;autres causes l\u00e9galement pr\u00e9vues, et dans la mesure o\u00f9 cela est en conformit\u00e9 avec les finalit\u00e9s de ce partage.<\/p>\n<p>Nous informons aussi, en accord avec l\u2019article 13 du r\u00e8glement g\u00e9n\u00e9ral de protection de donn\u00e9s, que :<br \/>1) L\u2019entit\u00e9 responsable pour le traitement des donn\u00e9es personnelles est Ag\u00eancia 25 Unipessoal Lda, personne morale (n. \u00ba 513358366), si\u00e8ge social : Rua Maria 50, 3.\u00ba Dto. 1170-212 Lisboa, Portugal<br \/>2) Les donn\u00e9es seront conserv\u00e9es aussi longtemps que n\u00e9cessaire \u00e0 l&rsquo;accomplissement de la finalit\u00e9 pour laquelle elles sont destin\u00e9es ou jusqu&rsquo;\u00e0 ce que l&rsquo;utilisateur demande leur suppression ;<br \/>3) Pour consulter, rectifier, modifier et supprimer des donn\u00e9es, ou pour faire un retrait du consentement, envoyez-nous un e-mail \u00e0 <a href=\"mailto:info@agencia25.pt\">info@agencia25.pt<\/a>;<\/p>\n<p>Si la personne concern\u00e9e estime qu&rsquo;il y a eu un mauvais usage de ces informations par Ag\u00eancia 25, elle peut d\u00e9poser une plainte concernant le traitement de ses donn\u00e9es personnelles aupr\u00e8s de la Commission nationale de protection des donn\u00e9es<\/p>\n<\/div>\n<p><!--more--><br \/>\n<!-- {\"type\":\"layout\",\"children\":[{\"type\":\"section\",\"props\":{\"height\":\"expand\",\"image_position\":\"center-center\",\"padding_remove_top\":false,\"style\":\"default\",\"title_breakpoint\":\"xl\",\"title_position\":\"top-left\",\"title_rotation\":\"left\",\"vertical_align\":\"middle\",\"width\":\"default\"},\"children\":[{\"type\":\"row\",\"children\":[{\"type\":\"column\",\"props\":{\"image_position\":\"center-center\",\"position_sticky_breakpoint\":\"m\"},\"children\":[{\"type\":\"headline\",\"props\":{\"margin\":\"medium\",\"title_element\":\"h1\",\"title_style\":\"h1\"},\"source\":{\"query\":{\"name\":\"pages.singlePage\"},\"props\":{\"content\":{\"filters\":{\"search\":\"\"},\"name\":\"title\"}}}},{\"type\":\"text\",\"props\":{\"column_breakpoint\":\"m\",\"content\":\"\n\n<p>Ag\\u00eancia 25, conform\\u00e9ment avec le r\\u00e8glement g\\u00e9n\\u00e9ral sur la protection des donn\\u00e9es et toute la l\\u00e9gislation en vigueur appliqu\\u00e9 \\u00e0 la protection des donn\\u00e9es \\u00e0 caract\\u00e8re personnel, travaille pour assurer la s\\u00e9curit\\u00e9 et confidentialit\\u00e9 de vos donn\\u00e9es, lesquelles sont demand\\u00e9es et trait\\u00e9es en conformit\\u00e9 et exclusivement pour les fins auxquelles elles sont destin\\u00e9es.<\\\/p>\\n\n\n<p>Ainsi, les informations qui nous sont fournies sont trait\\u00e9es avec responsabilit\\u00e9 et respect et ne sont pas partag\\u00e9es avec d\\u2019autres entit\\u00e9s. Elles peuvent \\u00eatre partag\\u00e9es en respectant toutes les obligations l\\u00e9gales applicables, ou d'autres causes l\\u00e9galement pr\\u00e9vues, et dans la mesure o\\u00f9 cela est en conformit\\u00e9 avec les finalit\\u00e9s de ce partage.<\\\/p>\\n\n\n<p>Nous informons aussi, en accord avec l\\u2019article 13 du r\\u00e8glement g\\u00e9n\\u00e9ral de protection de donn\\u00e9s, que :<br \\\/>1) L\\u2019entit\\u00e9 responsable pour le traitement des donn\\u00e9es personnelles est Ag\\u00eancia 25 Unipessoal Lda, personne morale (n. \\u00ba 513358366), si\\u00e8ge social : Rua Maria 50, 3.\\u00ba Dto. 1170-212 Lisboa, Portugal<br \\\/>2) Les donn\\u00e9es seront conserv\\u00e9es aussi longtemps que n\\u00e9cessaire \\u00e0 l'accomplissement de la finalit\\u00e9 pour laquelle elles sont destin\\u00e9es ou jusqu'\\u00e0 ce que l'utilisateur demande leur suppression ;<br \\\/>3) Pour consulter, rectifier, modifier et supprimer des donn\\u00e9es, ou pour faire un retrait du consentement, envoyez-nous un e-mail \\u00e0 <a href=\\\"mailto:info@agencia25.pt\\\">info@agencia25.pt<\\\/a>;<\\\/p>\\n\n\n<p>Si la personne concern\\u00e9e estime qu'il y a eu un mauvais usage de ces informations par Ag\\u00eancia 25, elle peut d\\u00e9poser une plainte concernant le traitement de ses donn\\u00e9es personnelles aupr\\u00e8s de la Commission nationale de protection des donn\\u00e9es<\\\/p>\",\"margin\":\"default\"}}]}]}]}],\"version\":\"4.2.12\"} --><\/p>\n","protected":false},"excerpt":{"rendered":"<p>Ag\u00eancia 25, conform\u00e9ment avec le r\u00e8glement g\u00e9n\u00e9ral sur la protection des donn\u00e9es et toute la l\u00e9gislation en vigueur appliqu\u00e9 \u00e0 la protection des donn\u00e9es \u00e0 caract\u00e8re personnel, travaille pour assurer la s\u00e9curit\u00e9 et confidentialit\u00e9 de vos donn\u00e9es, lesquelles sont demand\u00e9es et trait\u00e9es en conformit\u00e9 et exclusivement pour les fins auxquelles elles sont destin\u00e9es. Ainsi, les [&hellip;]<\/p>\n","protected":false},"author":1,"featured_media":0,"parent":0,"menu_order":0,"comment_status":"closed","ping_status":"closed","template":"","meta":{"footnotes":""},"class_list":["post-1839","page","type-page","status-publish","hentry"],"acf":[],"yoast_head":"<!-- This site is optimized with the Yoast SEO plugin v27.3 - https:\/\/yoast.com\/product\/yoast-seo-wordpress\/ -->\n<title>politique de confidentialit\u00e9 et de protection des donn\u00e9es personnelles - ag\u00eancia 25<\/title>\n<meta name=\"robots\" content=\"index, follow, max-snippet:-1, max-image-preview:large, max-video-preview:-1\" \/>\n<link rel=\"canonical\" href=\"https:\/\/agencia25.pt\/fr\/politique-de-confidentialite-et-de-protection-des-donnees-personnelles\/\" \/>\n<meta property=\"og:locale\" content=\"fr_FR\" \/>\n<meta property=\"og:type\" content=\"article\" \/>\n<meta property=\"og:title\" content=\"politique de confidentialit\u00e9 et de protection des donn\u00e9es personnelles - ag\u00eancia 25\" \/>\n<meta property=\"og:description\" content=\"Ag\u00eancia 25, conform\u00e9ment avec le r\u00e8glement g\u00e9n\u00e9ral sur la protection des donn\u00e9es et toute la l\u00e9gislation en vigueur appliqu\u00e9 \u00e0 la protection des donn\u00e9es \u00e0 caract\u00e8re personnel, travaille pour assurer la s\u00e9curit\u00e9 et confidentialit\u00e9 de vos donn\u00e9es, lesquelles sont demand\u00e9es et trait\u00e9es en conformit\u00e9 et exclusivement pour les fins auxquelles elles sont destin\u00e9es. Ainsi, les [&hellip;]\" \/>\n<meta property=\"og:url\" content=\"https:\/\/agencia25.pt\/fr\/politique-de-confidentialite-et-de-protection-des-donnees-personnelles\/\" \/>\n<meta property=\"og:site_name\" content=\"ag\u00eancia 25\" \/>\n<meta property=\"article:modified_time\" content=\"2024-03-17T09:40:10+00:00\" \/>\n<meta property=\"og:image\" content=\"https:\/\/agencia25.pt\/wp-content\/uploads\/2024\/05\/share-img.png\" \/>\n\t<meta property=\"og:image:width\" content=\"1200\" \/>\n\t<meta property=\"og:image:height\" content=\"674\" \/>\n\t<meta property=\"og:image:type\" content=\"image\/png\" \/>\n<meta name=\"twitter:card\" content=\"summary_large_image\" \/>\n<meta name=\"twitter:label1\" content=\"Dur\u00e9e de lecture estim\u00e9e\" \/>\n\t<meta name=\"twitter:data1\" content=\"2 minutes\" \/>\n<script type=\"application\/ld+json\" class=\"yoast-schema-graph\">{\"@context\":\"https:\\\/\\\/schema.org\",\"@graph\":[{\"@type\":\"WebPage\",\"@id\":\"https:\\\/\\\/agencia25.pt\\\/fr\\\/politique-de-confidentialite-et-de-protection-des-donnees-personnelles\\\/\",\"url\":\"https:\\\/\\\/agencia25.pt\\\/fr\\\/politique-de-confidentialite-et-de-protection-des-donnees-personnelles\\\/\",\"name\":\"politique de confidentialit\u00e9 et de protection des donn\u00e9es personnelles - ag\u00eancia 25\",\"isPartOf\":{\"@id\":\"https:\\\/\\\/agencia25.pt\\\/fr\\\/#website\"},\"datePublished\":\"2023-03-01T20:43:35+00:00\",\"dateModified\":\"2024-03-17T09:40:10+00:00\",\"breadcrumb\":{\"@id\":\"https:\\\/\\\/agencia25.pt\\\/fr\\\/politique-de-confidentialite-et-de-protection-des-donnees-personnelles\\\/#breadcrumb\"},\"inLanguage\":\"fr-FR\",\"potentialAction\":[{\"@type\":\"ReadAction\",\"target\":[\"https:\\\/\\\/agencia25.pt\\\/fr\\\/politique-de-confidentialite-et-de-protection-des-donnees-personnelles\\\/\"]}]},{\"@type\":\"BreadcrumbList\",\"@id\":\"https:\\\/\\\/agencia25.pt\\\/fr\\\/politique-de-confidentialite-et-de-protection-des-donnees-personnelles\\\/#breadcrumb\",\"itemListElement\":[{\"@type\":\"ListItem\",\"position\":1,\"name\":\"Home\",\"item\":\"https:\\\/\\\/agencia25.pt\\\/fr\\\/\"},{\"@type\":\"ListItem\",\"position\":2,\"name\":\"politique de confidentialit\u00e9 et de protection des donn\u00e9es personnelles\"}]},{\"@type\":\"WebSite\",\"@id\":\"https:\\\/\\\/agencia25.pt\\\/fr\\\/#website\",\"url\":\"https:\\\/\\\/agencia25.pt\\\/fr\\\/\",\"name\":\"ag\u00eancia 25\",\"description\":\"\",\"potentialAction\":[{\"@type\":\"SearchAction\",\"target\":{\"@type\":\"EntryPoint\",\"urlTemplate\":\"https:\\\/\\\/agencia25.pt\\\/fr\\\/?s={search_term_string}\"},\"query-input\":{\"@type\":\"PropertyValueSpecification\",\"valueRequired\":true,\"valueName\":\"search_term_string\"}}],\"inLanguage\":\"fr-FR\"}]}<\/script>\n<!-- \/ Yoast SEO plugin. -->","yoast_head_json":{"title":"politique de confidentialit\u00e9 et de protection des donn\u00e9es personnelles - ag\u00eancia 25","robots":{"index":"index","follow":"follow","max-snippet":"max-snippet:-1","max-image-preview":"max-image-preview:large","max-video-preview":"max-video-preview:-1"},"canonical":"https:\/\/agencia25.pt\/fr\/politique-de-confidentialite-et-de-protection-des-donnees-personnelles\/","og_locale":"fr_FR","og_type":"article","og_title":"politique de confidentialit\u00e9 et de protection des donn\u00e9es personnelles - ag\u00eancia 25","og_description":"Ag\u00eancia 25, conform\u00e9ment avec le r\u00e8glement g\u00e9n\u00e9ral sur la protection des donn\u00e9es et toute la l\u00e9gislation en vigueur appliqu\u00e9 \u00e0 la protection des donn\u00e9es \u00e0 caract\u00e8re personnel, travaille pour assurer la s\u00e9curit\u00e9 et confidentialit\u00e9 de vos donn\u00e9es, lesquelles sont demand\u00e9es et trait\u00e9es en conformit\u00e9 et exclusivement pour les fins auxquelles elles sont destin\u00e9es. Ainsi, les [&hellip;]","og_url":"https:\/\/agencia25.pt\/fr\/politique-de-confidentialite-et-de-protection-des-donnees-personnelles\/","og_site_name":"ag\u00eancia 25","article_modified_time":"2024-03-17T09:40:10+00:00","og_image":[{"width":1200,"height":674,"url":"https:\/\/agencia25.pt\/wp-content\/uploads\/2024\/05\/share-img.png","type":"image\/png"}],"twitter_card":"summary_large_image","twitter_misc":{"Dur\u00e9e de lecture estim\u00e9e":"2 minutes"},"schema":{"@context":"https:\/\/schema.org","@graph":[{"@type":"WebPage","@id":"https:\/\/agencia25.pt\/fr\/politique-de-confidentialite-et-de-protection-des-donnees-personnelles\/","url":"https:\/\/agencia25.pt\/fr\/politique-de-confidentialite-et-de-protection-des-donnees-personnelles\/","name":"politique de confidentialit\u00e9 et de protection des donn\u00e9es personnelles - ag\u00eancia 25","isPartOf":{"@id":"https:\/\/agencia25.pt\/fr\/#website"},"datePublished":"2023-03-01T20:43:35+00:00","dateModified":"2024-03-17T09:40:10+00:00","breadcrumb":{"@id":"https:\/\/agencia25.pt\/fr\/politique-de-confidentialite-et-de-protection-des-donnees-personnelles\/#breadcrumb"},"inLanguage":"fr-FR","potentialAction":[{"@type":"ReadAction","target":["https:\/\/agencia25.pt\/fr\/politique-de-confidentialite-et-de-protection-des-donnees-personnelles\/"]}]},{"@type":"BreadcrumbList","@id":"https:\/\/agencia25.pt\/fr\/politique-de-confidentialite-et-de-protection-des-donnees-personnelles\/#breadcrumb","itemListElement":[{"@type":"ListItem","position":1,"name":"Home","item":"https:\/\/agencia25.pt\/fr\/"},{"@type":"ListItem","position":2,"name":"politique de confidentialit\u00e9 et de protection des donn\u00e9es personnelles"}]},{"@type":"WebSite","@id":"https:\/\/agencia25.pt\/fr\/#website","url":"https:\/\/agencia25.pt\/fr\/","name":"ag\u00eancia 25","description":"","potentialAction":[{"@type":"SearchAction","target":{"@type":"EntryPoint","urlTemplate":"https:\/\/agencia25.pt\/fr\/?s={search_term_string}"},"query-input":{"@type":"PropertyValueSpecification","valueRequired":true,"valueName":"search_term_string"}}],"inLanguage":"fr-FR"}]}},"_links":{"self":[{"href":"https:\/\/agencia25.pt\/fr\/wp-json\/wp\/v2\/pages\/1839","targetHints":{"allow":["GET"]}}],"collection":[{"href":"https:\/\/agencia25.pt\/fr\/wp-json\/wp\/v2\/pages"}],"about":[{"href":"https:\/\/agencia25.pt\/fr\/wp-json\/wp\/v2\/types\/page"}],"author":[{"embeddable":true,"href":"https:\/\/agencia25.pt\/fr\/wp-json\/wp\/v2\/users\/1"}],"replies":[{"embeddable":true,"href":"https:\/\/agencia25.pt\/fr\/wp-json\/wp\/v2\/comments?post=1839"}],"version-history":[{"count":2,"href":"https:\/\/agencia25.pt\/fr\/wp-json\/wp\/v2\/pages\/1839\/revisions"}],"predecessor-version":[{"id":1841,"href":"https:\/\/agencia25.pt\/fr\/wp-json\/wp\/v2\/pages\/1839\/revisions\/1841"}],"wp:attachment":[{"href":"https:\/\/agencia25.pt\/fr\/wp-json\/wp\/v2\/media?parent=1839"}],"curies":[{"name":"wp","href":"https:\/\/api.w.org\/{rel}","templated":true}]}}